{"id":2,"date":"2022-08-17T15:16:59","date_gmt":"2022-08-17T13:16:59","guid":{"rendered":"http:\/\/kutschelis.dev.luum.ms\/?page_id=2"},"modified":"2023-04-12T11:16:31","modified_gmt":"2023-04-12T09:16:31","slug":"start","status":"publish","type":"page","link":"https:\/\/kts-ra.de\/en\/","title":{"rendered":"Start"},"content":{"rendered":"<div data-elementor-type=\"wp-page\" data-elementor-id=\"2\" class=\"elementor elementor-2\">\n\t\t\t\t\t\t\t\t\t<section class=\"elementor-section elementor-top-section elementor-element elementor-element-1b04ae8 elementor-section-full_width elementor-section-height-default elementor-section-height-default\" data-id=\"1b04ae8\" data-element_type=\"section\">\n\t\t\t\t\t\t<div class=\"elementor-container elementor-column-gap-no\">\n\t\t\t\t\t<div class=\"elementor-column elementor-col-100 elementor-top-column elementor-element elementor-element-4ec78c7\" data-id=\"4ec78c7\" data-element_type=\"column\">\n\t\t\t<div class=\"elementor-widget-wrap elementor-element-populated\">\n\t\t\t\t\t\t\t\t<div class=\"elementor-element elementor-element-39af7b5 elementor--h-position-left elementor--v-position-bottom elementor-arrows-position-inside elementor-widget elementor-widget-slides\" data-id=\"39af7b5\" data-element_type=\"widget\" data-settings=\"{&quot;autoplay_speed&quot;:9000,&quot;navigation&quot;:&quot;arrows&quot;,&quot;_animation&quot;:&quot;none&quot;,&quot;_animation_delay&quot;:100,&quot;transition&quot;:&quot;fade&quot;,&quot;autoplay&quot;:&quot;yes&quot;,&quot;infinite&quot;:&quot;yes&quot;,&quot;transition_speed&quot;:500}\" data-widget_type=\"slides.default\">\n\t\t\t\t<div class=\"elementor-widget-container\">\n\t\t\t<style>\/*! elementor-pro - v3.7.3 - 31-07-2022 *\/\n.elementor-slides .swiper-slide-bg{background-size:cover;background-position:50%;background-repeat:no-repeat;min-width:100%;min-height:100%}.elementor-slides .swiper-slide-inner{background-repeat:no-repeat;background-position:50%;position:absolute;top:0;left:0;bottom:0;right:0;padding:50px;margin:auto}.elementor-slides .swiper-slide-inner,.elementor-slides .swiper-slide-inner:hover{color:#fff;display:-webkit-box;display:-ms-flexbox;display:flex}.elementor-slides .swiper-slide-inner .elementor-background-overlay{position:absolute;z-index:0;top:0;bottom:0;left:0;right:0}.elementor-slides .swiper-slide-inner .elementor-slide-content{position:relative;z-index:1;width:100%}.elementor-slides .swiper-slide-inner .elementor-slide-heading{font-size:35px;font-weight:700;line-height:1}.elementor-slides .swiper-slide-inner .elementor-slide-description{font-size:17px;line-height:1.4}.elementor-slides .swiper-slide-inner .elementor-slide-description:not(:last-child),.elementor-slides .swiper-slide-inner .elementor-slide-heading:not(:last-child){margin-bottom:30px}.elementor-slides .swiper-slide-inner .elementor-slide-button{border:2px solid #fff;color:#fff;background:transparent;display:inline-block}.elementor-slides .swiper-slide-inner .elementor-slide-button,.elementor-slides .swiper-slide-inner .elementor-slide-button:hover{background:transparent;color:inherit;text-decoration:none}.elementor--v-position-top .swiper-slide-inner{-webkit-box-align:start;-ms-flex-align:start;align-items:flex-start}.elementor--v-position-bottom .swiper-slide-inner{-webkit-box-align:end;-ms-flex-align:end;align-items:flex-end}.elementor--v-position-middle .swiper-slide-inner{-webkit-box-align:center;-ms-flex-align:center;align-items:center}.elementor--h-position-left .swiper-slide-inner{-webkit-box-pack:start;-ms-flex-pack:start;justify-content:flex-start}.elementor--h-position-right .swiper-slide-inner{-webkit-box-pack:end;-ms-flex-pack:end;justify-content:flex-end}.elementor--h-position-center .swiper-slide-inner{-webkit-box-pack:center;-ms-flex-pack:center;justify-content:center}body.rtl .elementor-widget-slides .elementor-swiper-button-next{left:10px;right:auto}body.rtl .elementor-widget-slides .elementor-swiper-button-prev{right:10px;left:auto}.elementor-slides-wrapper div:not(.swiper-slide)>.swiper-slide-inner{display:none}@media (max-width:767px){.elementor-slides .swiper-slide-inner{padding:30px}.elementor-slides .swiper-slide-inner .elementor-slide-heading{font-size:23px;line-height:1;margin-bottom:15px}.elementor-slides .swiper-slide-inner .elementor-slide-description{font-size:13px;line-height:1.4;margin-bottom:15px}}<\/style>\t\t<div class=\"elementor-swiper\">\n\t\t\t<div class=\"elementor-slides-wrapper elementor-main-swiper swiper-container\" dir=\"ltr\" data-animation=\"\">\n\t\t\t\t<div class=\"swiper-wrapper elementor-slides\">\n\t\t\t\t\t\t\t\t\t\t<div class=\"elementor-repeater-item-2d80f25 swiper-slide\"><div class=\"swiper-slide-bg\"><\/div><div class=\"elementor-background-overlay\"><\/div><a class=\"swiper-slide-inner\" href=\"https:\/\/kts-ra.de\/en\/taetigkeiten-2\/#wirtschaftsrecht\"><div class=\"swiper-slide-contents\"><div class=\"elementor-slide-heading\">White-Collar Criminal Law<\/div><div class=\"elementor-slide-description\">The firm\u2019s focus lies in the area of \u2018white-collar\u2019 criminal law. This refers to criminal proceedings in connection with the economic activities of companies, businessmen and other high-end professionals.<\/div><div  class=\"elementor-button elementor-slide-button elementor-size-sm\">more<\/div><\/div><\/a><\/div><div class=\"elementor-repeater-item-f5712f3 swiper-slide\"><div class=\"swiper-slide-bg\"><\/div><a class=\"swiper-slide-inner\" href=\"https:\/\/kts-ra.de\/en\/taetigkeiten-2\/#ordnungswidrigkeitenrecht\"><div class=\"swiper-slide-contents\"><div class=\"elementor-slide-heading\">Law of Administrative Offences<\/div><div class=\"elementor-slide-description\">Dr. Kutschelis defends and advises companies and individuals in connection with administrative offence proceedings.<\/div><div  class=\"elementor-button elementor-slide-button elementor-size-sm\">more<\/div><\/div><\/a><\/div><div class=\"elementor-repeater-item-124633b swiper-slide\"><div class=\"swiper-slide-bg\"><\/div><a class=\"swiper-slide-inner\" href=\"https:\/\/kts-ra.de\/en\/taetigkeiten-2\/#compliance\"><div class=\"swiper-slide-contents\"><div class=\"elementor-slide-heading\">Compliance<\/div><div class=\"elementor-slide-description\">Dr. Kutschelis has particular experience in the field of compliance advice. This applies both to preventive compliance advice and to matters in connection with the implementation of internal investigation measures in the event of an existing suspicion of a compliance violation.<\/div><div  class=\"elementor-button elementor-slide-button elementor-size-sm\">more<\/div><\/div><\/a><\/div><div class=\"elementor-repeater-item-1e43ec1 swiper-slide\"><div class=\"swiper-slide-bg\"><\/div><a class=\"swiper-slide-inner\" href=\"https:\/\/kts-ra.de\/en\/taetigkeiten-2\/#internationale-sachverhalte\"><div class=\"swiper-slide-contents\"><div class=\"elementor-slide-heading\">International Matters <\/div><div class=\"elementor-slide-description\">In the law office of Dr. Kutschelis, matters are handled in the working languages German, English and Spanish. Within the scope of international matters, Dr. Kutschelis will defend or consult clients in complex, cross-border criminal cases.<\/div><div  class=\"elementor-button elementor-slide-button elementor-size-sm\">more<\/div><\/div><\/a><\/div><div class=\"elementor-repeater-item-54e2297 swiper-slide\"><div class=\"swiper-slide-bg\"><\/div><div class=\"elementor-background-overlay\"><\/div><a class=\"swiper-slide-inner\" href=\"https:\/\/kts-ra.de\/en\/taetigkeiten-2\/#allgemeines-strafrecht\"><div class=\"swiper-slide-contents\"><div class=\"elementor-slide-heading\">General Criminal Law and Public Defense<\/div><div class=\"elementor-slide-description\">In the law office of Dr. Kutschelis, matters of general criminal law are also regularly handled. This applies regardless of whether Attorney Dr. Kutschelis is acting as an elective defense counsel or as a public defender.<\/div><div  class=\"elementor-button elementor-slide-button elementor-size-sm\">more<\/div><\/div><\/a><\/div>\t\t\t\t<\/div>\n\t\t\t\t\t\t\t\t\t\t\t\t\t\t\t\t\t\t\t\t<div class=\"elementor-swiper-button elementor-swiper-button-prev\">\n\t\t\t\t\t\t\t<i aria-hidden=\"true\" class=\"eicon-chevron-left\"><\/i>\t\t\t\t\t\t\t<span class=\"elementor-screen-only\">Previous<\/span>\n\t\t\t\t\t\t<\/div>\n\t\t\t\t\t\t<div class=\"elementor-swiper-button elementor-swiper-button-next\">\n\t\t\t\t\t\t\t<i aria-hidden=\"true\" class=\"eicon-chevron-right\"><\/i>\t\t\t\t\t\t\t<span class=\"elementor-screen-only\">Next<\/span>\n\t\t\t\t\t\t<\/div>\n\t\t\t\t\t\t\t\t\t\t\t\t<\/div>\n\t\t<\/div>\n\t\t\t\t<\/div>\n\t\t\t\t<\/div>\n\t\t\t\t\t<\/div>\n\t\t<\/div>\n\t\t\t\t\t\t\t<\/div>\n\t\t<\/section>\n\t\t\t\t\t\t\t<\/div>","protected":false},"excerpt":{"rendered":"<p>WirtschaftsstrafrechtDer Schwerpunkt der anwaltlichen T\u00e4tigkeit liegt im Bereich des Wirtschaftsstrafrechts. Hiermit sind strafrechtliche Verfahren angesprochen, die im Zusammenhang mit wirtschaftlicher Bet\u00e4tigung von Unternehmen, Kaufleuten und Freiberuflern stehen.weiterOrdnungswidrigkeitenrechtRechtsanwalt Dr. Kutschelis verteidigt und ber\u00e4t Unternehmen und Individualpersonen im Zusammenhang mit beh\u00f6rdlichen Ordnungswidrigkeitenverfahren.weiterCompliance\u00dcber besondere Erfahrung verf\u00fcgt Rechtsanwalt Dr. Kutschelis auf dem Gebiet der Compliance-Beratung. Das gilt sowohl f\u00fcr [&hellip;]<\/p>","protected":false},"author":1,"featured_media":0,"parent":0,"menu_order":0,"comment_status":"closed","ping_status":"closed","template":"","meta":[],"_links":{"self":[{"href":"https:\/\/kts-ra.de\/en\/wp-json\/wp\/v2\/pages\/2"}],"collection":[{"href":"https:\/\/kts-ra.de\/en\/wp-json\/wp\/v2\/pages"}],"about":[{"href":"https:\/\/kts-ra.de\/en\/wp-json\/wp\/v2\/types\/page"}],"author":[{"embeddable":true,"href":"https:\/\/kts-ra.de\/en\/wp-json\/wp\/v2\/users\/1"}],"replies":[{"embeddable":true,"href":"https:\/\/kts-ra.de\/en\/wp-json\/wp\/v2\/comments?post=2"}],"version-history":[{"count":10,"href":"https:\/\/kts-ra.de\/en\/wp-json\/wp\/v2\/pages\/2\/revisions"}],"predecessor-version":[{"id":1321,"href":"https:\/\/kts-ra.de\/en\/wp-json\/wp\/v2\/pages\/2\/revisions\/1321"}],"wp:attachment":[{"href":"https:\/\/kts-ra.de\/en\/wp-json\/wp\/v2\/media?parent=2"}],"curies":[{"name":"wp","href":"https:\/\/api.w.org\/{rel}","templated":true}]}}