{"id":504,"date":"2022-10-20T13:39:38","date_gmt":"2022-10-20T11:39:38","guid":{"rendered":"http:\/\/kutschelis.dev.luum.ms\/?page_id=504"},"modified":"2022-12-08T15:19:13","modified_gmt":"2022-12-08T14:19:13","slug":"kontakt","status":"publish","type":"page","link":"https:\/\/kts-ra.de\/en\/kontakt\/","title":{"rendered":"Contact"},"content":{"rendered":"<div data-elementor-type=\"wp-page\" data-elementor-id=\"504\" class=\"elementor elementor-504\">\n\t\t\t\t\t\t\t\t\t<section class=\"elementor-section elementor-top-section elementor-element elementor-element-2bff9c9 elementor-section-full_width elementor-section-height-min-height elementor-section-height-default elementor-section-items-middle\" data-id=\"2bff9c9\" data-element_type=\"section\" data-settings=\"{&quot;background_background&quot;:&quot;classic&quot;}\">\n\t\t\t\t\t\t<div class=\"elementor-container elementor-column-gap-no\">\n\t\t\t\t\t<div class=\"elementor-column elementor-col-100 elementor-top-column elementor-element elementor-element-e24eb1d\" data-id=\"e24eb1d\" data-element_type=\"column\">\n\t\t\t<div class=\"elementor-widget-wrap\">\n\t\t\t\t\t\t\t\t\t<\/div>\n\t\t<\/div>\n\t\t\t\t\t\t\t<\/div>\n\t\t<\/section>\n\t\t\t\t<section class=\"elementor-section elementor-top-section elementor-element elementor-element-d3c2a7f elementor-section-full_width elementor-section-height-default elementor-section-height-default\" data-id=\"d3c2a7f\" data-element_type=\"section\">\n\t\t\t\t\t\t<div class=\"elementor-container elementor-column-gap-default\">\n\t\t\t\t\t<div class=\"elementor-column elementor-col-100 elementor-top-column elementor-element elementor-element-b22a5ae\" data-id=\"b22a5ae\" data-element_type=\"column\">\n\t\t\t<div class=\"elementor-widget-wrap elementor-element-populated\">\n\t\t\t\t\t\t\t\t<section class=\"elementor-section elementor-inner-section elementor-element elementor-element-95dcb9e elementor-section-full_width elementor-section-height-default elementor-section-height-default\" data-id=\"95dcb9e\" data-element_type=\"section\">\n\t\t\t\t\t\t<div class=\"elementor-container elementor-column-gap-default\">\n\t\t\t\t\t<div class=\"elementor-column elementor-col-50 elementor-inner-column elementor-element elementor-element-bde1395\" data-id=\"bde1395\" data-element_type=\"column\">\n\t\t\t<div class=\"elementor-widget-wrap elementor-element-populated\">\n\t\t\t\t\t\t\t\t<div class=\"elementor-element elementor-element-92055a5 elementor-hidden-tablet elementor-hidden-mobile elementor-widget elementor-widget-image\" data-id=\"92055a5\" data-element_type=\"widget\" data-widget_type=\"image.default\">\n\t\t\t\t<div class=\"elementor-widget-container\">\n\t\t\t<style>\/*! elementor - v3.7.8 - 02-10-2022 *\/\n.elementor-widget-image{text-align:center}.elementor-widget-image a{display:inline-block}.elementor-widget-image a img[src$=\".svg\"]{width:48px}.elementor-widget-image img{vertical-align:middle;display:inline-block}<\/style>\t\t\t\t\t\t\t\t\t\t\t\t<img decoding=\"async\" width=\"800\" height=\"551\" src=\"https:\/\/kts-ra.de\/wp-content\/uploads\/2022\/10\/MG_0255-Bearbeitet-1024x705.jpg\" class=\"attachment-large size-large\" alt=\"\" loading=\"lazy\" srcset=\"https:\/\/kts-ra.de\/wp-content\/uploads\/2022\/10\/MG_0255-Bearbeitet-1024x705.jpg 1024w, https:\/\/kts-ra.de\/wp-content\/uploads\/2022\/10\/MG_0255-Bearbeitet-300x206.jpg 300w, https:\/\/kts-ra.de\/wp-content\/uploads\/2022\/10\/MG_0255-Bearbeitet-768x528.jpg 768w, https:\/\/kts-ra.de\/wp-content\/uploads\/2022\/10\/MG_0255-Bearbeitet-1536x1057.jpg 1536w, https:\/\/kts-ra.de\/wp-content\/uploads\/2022\/10\/MG_0255-Bearbeitet.jpg 1600w\" sizes=\"(max-width: 800px) 100vw, 800px\" \/>\t\t\t\t\t\t\t\t\t\t\t\t\t\t\t<\/div>\n\t\t\t\t<\/div>\n\t\t\t\t\t<\/div>\n\t\t<\/div>\n\t\t\t\t<div class=\"elementor-column elementor-col-50 elementor-inner-column elementor-element elementor-element-cf5eb7d\" data-id=\"cf5eb7d\" data-element_type=\"column\">\n\t\t\t<div class=\"elementor-widget-wrap elementor-element-populated\">\n\t\t\t\t\t\t\t\t<div class=\"elementor-element elementor-element-c13a6cc elementor-widget elementor-widget-text-editor\" data-id=\"c13a6cc\" data-element_type=\"widget\" data-widget_type=\"text-editor.default\">\n\t\t\t\t<div class=\"elementor-widget-container\">\n\t\t\t<style>\/*! elementor - v3.7.8 - 02-10-2022 *\/\n.elementor-widget-text-editor.elementor-drop-cap-view-stacked .elementor-drop-cap{background-color:#818a91;color:#fff}.elementor-widget-text-editor.elementor-drop-cap-view-framed .elementor-drop-cap{color:#818a91;border:3px solid;background-color:transparent}.elementor-widget-text-editor:not(.elementor-drop-cap-view-default) .elementor-drop-cap{margin-top:8px}.elementor-widget-text-editor:not(.elementor-drop-cap-view-default) .elementor-drop-cap-letter{width:1em;height:1em}.elementor-widget-text-editor .elementor-drop-cap{float:left;text-align:center;line-height:1;font-size:50px}.elementor-widget-text-editor .elementor-drop-cap-letter{display:inline-block}<\/style>\t\t\t\t<p class=\"p1\"><span class=\"s1\"><strong>Attorney Dr. Julian Kutschelis<\/strong><\/span><\/p>\nAm Mittelhafen 16\n48155 M\u00fcnster\/Germany\n<p class=\"p1\">Phone:<span style=\"color: #545454;\"> <a style=\"color: #545454;\" href=\"tel:025114475505\">0251 \u2013 144 755 05<\/a><\/span>\nFax:<span style=\"color: #545454;\"> <a style=\"color: #545454;\" href=\"tel:025114475507\">0251 \u2013 144 755 07<\/a><\/span><\/p>\n<p class=\"p3\"><span class=\"s1\">Email: <span style=\"color: #545454;\"><a style=\"color: #545454;\" href=\"mailto:kanzlei@kts-ra.de\"><span class=\"s2\">kanzlei@kts-ra.de<\/span><\/a><\/span><\/span><\/p>\t\t\t\t\t\t<\/div>\n\t\t\t\t<\/div>\n\t\t\t\t<div class=\"elementor-element elementor-element-108bcd7 elementor-widget elementor-widget-heading\" data-id=\"108bcd7\" data-element_type=\"widget\" data-widget_type=\"heading.default\">\n\t\t\t\t<div class=\"elementor-widget-container\">\n\t\t\t<style>\/*! elementor - v3.7.8 - 02-10-2022 *\/\n.elementor-heading-title{padding:0;margin:0;line-height:1}.elementor-widget-heading .elementor-heading-title[class*=elementor-size-]>a{color:inherit;font-size:inherit;line-height:inherit}.elementor-widget-heading .elementor-heading-title.elementor-size-small{font-size:15px}.elementor-widget-heading .elementor-heading-title.elementor-size-medium{font-size:19px}.elementor-widget-heading .elementor-heading-title.elementor-size-large{font-size:29px}.elementor-widget-heading .elementor-heading-title.elementor-size-xl{font-size:39px}.elementor-widget-heading .elementor-heading-title.elementor-size-xxl{font-size:59px}<\/style><h2 class=\"elementor-heading-title elementor-size-default\">Dawn Raids and arrests<\/h2>\t\t<\/div>\n\t\t\t\t<\/div>\n\t\t\t\t<div class=\"elementor-element elementor-element-079e15a elementor-widget__width-initial elementor-widget elementor-widget-text-editor\" data-id=\"079e15a\" data-element_type=\"widget\" data-widget_type=\"text-editor.default\">\n\t\t\t\t<div class=\"elementor-widget-container\">\n\t\t\t\t\t\t\t<p>In the event of dawn raids and other criminal law emergencies, such as an arrest or transfer to police custody, it is strongly recommended that legal counsel be contacted immediately. In connection with dawn raids, officers should be asked to wait until legal counsel arrives before implementing the measures.<\/p><p class=\" translation-block\">In such emergency situations, you can contact the law firm of Dr. Kutschelis at <a style=\"color: #545454\" href=\"tel:01702625313\" target=\"_self\">0170 2625 313<\/a>.<\/p><p>Furthermore, emergency contacts for the respective court districts can be found on the website of the Strafverteidigervereinigung NRW e.V..<\/p>\t\t\t\t\t\t<\/div>\n\t\t\t\t<\/div>\n\t\t\t\t\t<\/div>\n\t\t<\/div>\n\t\t\t\t\t\t\t<\/div>\n\t\t<\/section>\n\t\t\t\t\t<\/div>\n\t\t<\/div>\n\t\t\t\t\t\t\t<\/div>\n\t\t<\/section>\n\t\t\t\t\t\t\t<\/div>","protected":false},"excerpt":{"rendered":"<p>Rechtsanwaltskanzlei Dr. Julian Kutschelis Am Mittelhafen 16 48155 M\u00fcnster Telefon: 0251 \u2013 144 755 05 Fax: 0251 \u2013 144 755 07 Email: kanzlei@kts-ra.de Durchsuchungen und Festnahmen Bei Durchsuchungsma\u00dfnahmen und in anderen strafrechtlichen Notf\u00e4llen, etwa einer Festnahme oder Verbringung in polizeilichen Gewahrsam, ist es dringend empfehlenswert, unverz\u00fcglich anwaltlichen Beistand hinzuzuziehen. Im Zusammenhang mit Durchsuchungsma\u00dfnahmen sollten die [&hellip;]<\/p>","protected":false},"author":1,"featured_media":0,"parent":0,"menu_order":0,"comment_status":"closed","ping_status":"closed","template":"","meta":[],"_links":{"self":[{"href":"https:\/\/kts-ra.de\/en\/wp-json\/wp\/v2\/pages\/504"}],"collection":[{"href":"https:\/\/kts-ra.de\/en\/wp-json\/wp\/v2\/pages"}],"about":[{"href":"https:\/\/kts-ra.de\/en\/wp-json\/wp\/v2\/types\/page"}],"author":[{"embeddable":true,"href":"https:\/\/kts-ra.de\/en\/wp-json\/wp\/v2\/users\/1"}],"replies":[{"embeddable":true,"href":"https:\/\/kts-ra.de\/en\/wp-json\/wp\/v2\/comments?post=504"}],"version-history":[{"count":10,"href":"https:\/\/kts-ra.de\/en\/wp-json\/wp\/v2\/pages\/504\/revisions"}],"predecessor-version":[{"id":1288,"href":"https:\/\/kts-ra.de\/en\/wp-json\/wp\/v2\/pages\/504\/revisions\/1288"}],"wp:attachment":[{"href":"https:\/\/kts-ra.de\/en\/wp-json\/wp\/v2\/media?parent=504"}],"curies":[{"name":"wp","href":"https:\/\/api.w.org\/{rel}","templated":true}]}}